{"id":6783,"date":"2021-09-20T09:44:42","date_gmt":"2021-09-20T12:44:42","guid":{"rendered":"https:\/\/www.astercapital.com.br\/?page_id=6783"},"modified":"2024-04-30T15:12:09","modified_gmt":"2024-04-30T18:12:09","slug":"cotas-e-rentabilidade","status":"publish","type":"page","link":"https:\/\/www.astercapital.com.br\/eng\/cotas-e-rentabilidade\/","title":{"rendered":"Performance"},"content":{"rendered":"<div id=\"fws_6a04684b56331\" class=\"wpb_row vc_row vc_row-fluid  animate_onoffset row-dynamic-el standard_section    normal\" style=\"\"><div  style=\"position: absolute;top: 0;\"><\/div><div class=\"container  dark\"><div class=\"section_clear\"><div class=\"wpb_column column_container with_padding wpb_column vc_column_container vc_col-sm-12\"><div class=\"vc_column-inner\"  style=\"padding:\" data-animation=\"none\" data-delay=\"\"><div class=\"wpb_wrapper\"><div class=\"vc_row wpb_row vc_inner vc_row-fluid\"><div class=\"cotas-tabela wpb_column vc_column_container vc_col-sm-12\"><div class=\"vc_column-inner\"><div class=\"wpb_wrapper\">\n\t<div class=\"wpb_raw_code wpb_content_element wpb_raw_html\" >\n\t\t<div class=\"wpb_wrapper\">\n\t\t\t<div class=\"tablepress-container\" id=\"table-pt\">\n<table id=\"tablepress-1\" class=\"tablepress tablepress-id-1 tabela\">\n<thead>\n<tr class=\"row-1 odd\">\n\t<th class=\"column-1\">Fund<\/th><th class=\"column-2\">Inception<\/th><th class=\"column-3\">Date<\/th><th class=\"column-4\">Unit<\/th><th class=\"column-5\">Day<\/th><th class=\"column-6\">Month<\/th><th class=\"column-7\">Year<\/th><th class=\"column-8\">12 months<\/th><th class=\"column-9\">24M<\/th><th class=\"column-10\">36M<\/th><th class=\"column-11\">Since inception<\/th><th class=\"column-12\">NAV 12-month average,<br \/>\nR$ million<\/th>\n<\/tr>\n<\/thead>\n<tbody class=\"row-hover\">\n<tr class=\"row-2 even\">\n\t<td class=\"column-1\">ASTER FIC FIA<\/td><td class=\"column-2\">30\/11\/2021<\/td><td class=\"column-3\">11\/05\/2026<\/td><td class=\"column-4\">1.3689506<\/td><td class=\"column-5\">-2.55%<\/td><td class=\"column-6\">-3.68%<\/td><td class=\"column-7\">-0.41%<\/td><td class=\"column-8\">16.66%<\/td><td class=\"column-9\">29.71%<\/td><td class=\"column-10\">53.46%<\/td><td class=\"column-11\">36.90%<\/td><td class=\"column-12\">95.15867091<\/td>\n<\/tr>\n<tr class=\"row-3 odd\">\n\t<td class=\"column-1\">ASTER FIC FIA BDR NIVEL I<\/td><td class=\"column-2\">30\/11\/2021<\/td><td class=\"column-3\">11\/05\/2026<\/td><td class=\"column-4\">1.3558697<\/td><td class=\"column-5\">-2.51%<\/td><td class=\"column-6\">-3.55%<\/td><td class=\"column-7\">-0.25%<\/td><td class=\"column-8\">16.74%<\/td><td class=\"column-9\">29.61%<\/td><td class=\"column-10\">53.42%<\/td><td class=\"column-11\">35.59%<\/td><td class=\"column-12\">30.4011587<\/td>\n<\/tr>\n<tr class=\"row-4 even\">\n\t<td class=\"column-1\">ASTER INSTITUCIONAL FIC FIA<\/td><td class=\"column-2\">30\/11\/2021<\/td><td class=\"column-3\">11\/05\/2026<\/td><td class=\"column-4\">1.3628041<\/td><td class=\"column-5\">-2.55%<\/td><td class=\"column-6\">-3.60%<\/td><td class=\"column-7\">-0.25%<\/td><td class=\"column-8\">16.73%<\/td><td class=\"column-9\">29.37%<\/td><td class=\"column-10\">51.45%<\/td><td class=\"column-11\">36.28%<\/td><td class=\"column-12\">16.66948971<\/td>\n<\/tr>\n<tr class=\"row-5 odd\">\n\t<td class=\"column-1\">Ibovespa<\/td><td class=\"column-2\"><\/td><td class=\"column-3\">11\/05\/2026<\/td><td class=\"column-4\"><\/td><td class=\"column-5\">-1.19%<\/td><td class=\"column-6\">-2.89%<\/td><td class=\"column-7\">12.90%<\/td><td class=\"column-8\">33.20%<\/td><td class=\"column-9\">41.94%<\/td><td class=\"column-10\">68.04%<\/td><td class=\"column-11\">78.49%<\/td><td class=\"column-12\"><\/td>\n<\/tr>\n<tr class=\"row-6 even\">\n\t<td class=\"column-1\">IPCA + IMAB Yield<\/td><td class=\"column-2\"><\/td><td class=\"column-3\">11\/05\/2026<\/td><td class=\"column-4\"><\/td><td class=\"column-5\">0.06%<\/td><td class=\"column-6\">0.38%<\/td><td class=\"column-7\">5.33%<\/td><td class=\"column-8\">12.49%<\/td><td class=\"column-9\">26.81%<\/td><td class=\"column-10\">39.16%<\/td><td class=\"column-11\">66.70%<\/td><td class=\"column-12\"><\/td>\n<\/tr>\n<\/tbody>\n<\/table>\n<!-- #tablepress-1 from cache --><\/div>\n<div class=\"tablepress-container\" id=\"table-en\" style=\"display: none;\">\n<table id=\"tablepress-9\" class=\"tablepress tablepress-id-9 tabela\">\n<thead>\n<tr class=\"row-1 odd\">\n\t<th class=\"column-1\"><\/th><th class=\"column-2\">Inception<\/th><th class=\"column-3\">Date<\/th><th class=\"column-4\">Unit<\/th><th class=\"column-5\">Day<\/th><th class=\"column-6\">Month<\/th><th class=\"column-7\">Year<\/th><th class=\"column-8\">12 M<\/th><th class=\"column-9\">24 M<\/th><th class=\"column-10\">36 M<\/th><th class=\"column-11\">Since inception<\/th><th class=\"column-12\">NAV 12-month average,<br \/>\nR$ million<\/th>\n<\/tr>\n<\/thead>\n<tbody class=\"row-hover\">\n<tr class=\"row-2 even\">\n\t<td class=\"column-1\">ASTER FIC FIA<\/td><td class=\"column-2\">30\/11\/2021<\/td><td class=\"column-3\">11\/05\/2026<\/td><td class=\"column-4\">1.3689506<\/td><td class=\"column-5\">-2.55%<\/td><td class=\"column-6\">-3.68%<\/td><td class=\"column-7\">-0.41%<\/td><td class=\"column-8\">16.66%<\/td><td class=\"column-9\">29.71%<\/td><td class=\"column-10\">53.46%<\/td><td class=\"column-11\">36.90%<\/td><td class=\"column-12\">95.15867091<\/td>\n<\/tr>\n<tr class=\"row-3 odd\">\n\t<td class=\"column-1\">ASTER FIC FIA BDR NIVEL I<\/td><td class=\"column-2\">30\/11\/2021<\/td><td class=\"column-3\">11\/05\/2026<\/td><td class=\"column-4\">1.3558697<\/td><td class=\"column-5\">-2.51%<\/td><td class=\"column-6\">-3.55%<\/td><td class=\"column-7\">-0.25%<\/td><td class=\"column-8\">16.74%<\/td><td class=\"column-9\">29.61%<\/td><td class=\"column-10\">53.42%<\/td><td class=\"column-11\">35.59%<\/td><td class=\"column-12\">30.4011587<\/td>\n<\/tr>\n<tr class=\"row-4 even\">\n\t<td class=\"column-1\">ASTER INSTITUCIONAL FIC FIA<\/td><td class=\"column-2\">30\/11\/2021<\/td><td class=\"column-3\">11\/05\/2026<\/td><td class=\"column-4\">1.3628041<\/td><td class=\"column-5\">-2.55%<\/td><td class=\"column-6\">-3.60%<\/td><td class=\"column-7\">-0.25%<\/td><td class=\"column-8\">16.73%<\/td><td class=\"column-9\">29.37%<\/td><td class=\"column-10\">51.45%<\/td><td class=\"column-11\">36.28%<\/td><td class=\"column-12\">16.66948971<\/td>\n<\/tr>\n<tr class=\"row-5 odd\">\n\t<td class=\"column-1\">Ibovespa<\/td><td class=\"column-2\"><\/td><td class=\"column-3\">11\/05\/2026<\/td><td class=\"column-4\"><\/td><td class=\"column-5\">-1.19%<\/td><td class=\"column-6\">-2.89%<\/td><td class=\"column-7\">12.90%<\/td><td class=\"column-8\">33.20%<\/td><td class=\"column-9\">41.94%<\/td><td class=\"column-10\">68.04%<\/td><td class=\"column-11\">78.49%<\/td><td class=\"column-12\"><\/td>\n<\/tr>\n<tr class=\"row-6 even\">\n\t<td class=\"column-1\">IPCA + IMAB Yield<\/td><td class=\"column-2\"><\/td><td class=\"column-3\">11\/05\/2026<\/td><td class=\"column-4\"><\/td><td class=\"column-5\">0.06%<\/td><td class=\"column-6\">0.38%<\/td><td class=\"column-7\">5.33%<\/td><td class=\"column-8\">12.49%<\/td><td class=\"column-9\">26.81%<\/td><td class=\"column-10\">39.16%<\/td><td class=\"column-11\">66.70%<\/td><td class=\"column-12\"><\/td>\n<\/tr>\n<\/tbody>\n<\/table>\n<!-- #tablepress-9 from cache --><\/div>\n\n<script>\nif (window.location.href.split('\/')[3] == 'eng') {\n    document.getElementById(\"table-pt\").style.display = 'none';\n        document.getElementById(\"table-en\").style.display = 'block';\n}\n<\/script>\n\t\t<\/div>\n\t<\/div>\n<\/div><\/div><\/div><\/div><\/div><\/div><\/div><\/div><\/div><\/div>","protected":false},"excerpt":{"rendered":"FundoIn\u00edcio do FundoDataCotaDiaM\u00easAno12M24M36MDesde o In\u00edcioPL m\u00e9dio 12 meses (R$ milh\u00f5es) ASTER FIC FIA30\/11\/202111\/05\/20261.3689506-2.55%-3.68%-0.41%16.66%29.71%53.46%36.90%95.15867091 ASTER FIC FIA BDR NIVEL I30\/11\/202111\/05\/20261.3558697-2.51%-3.55%-0.25%16.74%29.61%53.42%35.59%30.4011587 ASTER INSTITUCIONAL FIC FIA30\/11\/202111\/05\/20261.3628041-2.55%-3.60%-0.25%16.73%29.37%51.45%36.28%16.66948971 Ibovespa11\/05\/2026-1.19%-2.89%12.90%33.20%41.94%68.04%78.49% IPCA+Yield IMAB11\/05\/20260.06%0.38%5.33%12.49%26.81%39.16%66.70% InceptionDateUnitDayMonthYear12 M24 M36 MSince inceptionNAV 12-month average, R$ million ASTER FIC FIA30\/11\/202111\/05\/20261.3689506-2.55%-3.68%-0.41%16.66%29.71%53.46%36.90%95.15867091 ASTER FIC FIA BDR NIVEL I30\/11\/202111\/05\/20261.3558697-2.51%-3.55%-0.25%16.74%29.61%53.42%35.59%30.4011587 ASTER INSTITUCIONAL FIC FIA30\/11\/202111\/05\/20261.3628041-2.55%-3.60%-0.25%16.73%29.37%51.45%36.28%16.66948971 Ibovespa11\/05\/2026-1.19%-2.89%12.90%33.20%41.94%68.04%78.49% IPCA+Yield IMAB11\/05\/20260.06%0.38%5.33%12.49%26.81%39.16%66.70%","protected":false},"author":1,"featured_media":0,"parent":0,"menu_order":0,"comment_status":"closed","ping_status":"closed","template":"","meta":{"inline_featured_image":false,"footnotes":""},"class_list":["post-6783","page","type-page","status-publish","hentry"],"aioseo_notices":[],"_links":{"self":[{"href":"https:\/\/www.astercapital.com.br\/eng\/wp-json\/wp\/v2\/pages\/6783","targetHints":{"allow":["GET"]}}],"collection":[{"href":"https:\/\/www.astercapital.com.br\/eng\/wp-json\/wp\/v2\/pages"}],"about":[{"href":"https:\/\/www.astercapital.com.br\/eng\/wp-json\/wp\/v2\/types\/page"}],"author":[{"embeddable":true,"href":"https:\/\/www.astercapital.com.br\/eng\/wp-json\/wp\/v2\/users\/1"}],"replies":[{"embeddable":true,"href":"https:\/\/www.astercapital.com.br\/eng\/wp-json\/wp\/v2\/comments?post=6783"}],"version-history":[{"count":29,"href":"https:\/\/www.astercapital.com.br\/eng\/wp-json\/wp\/v2\/pages\/6783\/revisions"}],"predecessor-version":[{"id":12579,"href":"https:\/\/www.astercapital.com.br\/eng\/wp-json\/wp\/v2\/pages\/6783\/revisions\/12579"}],"wp:attachment":[{"href":"https:\/\/www.astercapital.com.br\/eng\/wp-json\/wp\/v2\/media?parent=6783"}],"curies":[{"name":"wp","href":"https:\/\/api.w.org\/{rel}","templated":true}]}}