{"id":6568,"date":"2021-09-14T12:02:26","date_gmt":"2021-09-14T15:02:26","guid":{"rendered":"https:\/\/www.astercapital.com.br\/?page_id=6568"},"modified":"2026-04-08T15:35:32","modified_gmt":"2026-04-08T18:35:32","slug":"documentos-relevantes","status":"publish","type":"page","link":"https:\/\/www.astercapital.com.br\/eng\/documentos-relevantes\/","title":{"rendered":"Documents"},"content":{"rendered":"<div id=\"fws_6a0467417be5e\" class=\"wpb_row vc_row vc_row-fluid  animate_onoffset row-dynamic-el standard_section    normal\" style=\"\"><div  style=\"position: absolute;top: 0;\"><\/div><div class=\"container  dark\"><div class=\"section_clear\"><div class=\"wpb_column column_container with_padding wpb_column vc_column_container vc_col-sm-12 vc_col-lg-offset-0 vc_col-md-offset-0 vc_col-sm-offset-0\"><div class=\"vc_column-inner\"  style=\"padding:\" data-animation=\"none\" data-delay=\"\"><div class=\"wpb_wrapper\"><div class=\"vc_row wpb_row vc_inner vc_row-fluid\"><div class=\"politica-container wpb_column vc_column_container vc_col-sm-12\"><div class=\"vc_column-inner\"><div class=\"wpb_wrapper\"><span id=\"creative-link-wrap-2090\" class=\"ult_main_cl ult-adjust-bottom-margin politica-link\" >\r\n\t \t\t\t<span class=\"ult_crlink\" >\r\n\t\t\t\t\t<a  data-ultimate-target='#creative-link-wrap-2090 .ult_colorlink'  data-responsive-json-new='{\"font-size\":\"desktop:24px;\",\"line-height\":\"\"}'  href=\"https:\/\/www.astercapital.com.br\/wp-content\/uploads\/2024\/10\/202406-Aster-Capital-Codigo-de-Etica-3.0.pdf\" target=\"_blank\" rel=\"noopener\"  class=\"ult_colorlink ult-responsive\" style=\"float:left;font-weight:bold; \"  data-textcolor=\"#553c90\" data-texthover=\"#333333\"data-style=\"\">\r\n\t\t\t\t\t\t\r\n\t\t\t\t\t\t<span data-hover=\"C\u00f3digo de \u00e9tica\" style=\"color:#553c90;;;\" class=\"ult_btn10_span\">Code of Ethics<\/span>\r\n\t\t\t\t\t\t\r\n\t\t\t\t\t<\/a>\r\n\t\t\t\t<\/span>\r\n\t\t\t<\/span><span id=\"creative-link-wrap-8217\" class=\"ult_main_cl ult-adjust-bottom-margin politica-link\" >\r\n\t \t\t\t<span class=\"ult_crlink\" >\r\n\t\t\t\t\t<a  data-ultimate-target='#creative-link-wrap-8217 .ult_colorlink'  data-responsive-json-new='{\"font-size\":\"desktop:24px;\",\"line-height\":\"\"}'  href=\"https:\/\/www.astercapital.com.br\/wp-content\/uploads\/2026\/04\/Aster-Capital-Formulario-de-Referencia-data-base-2025-site-1.pdf\" target=\"_blank\" rel=\"noopener\"  class=\"ult_colorlink ult-responsive\" style=\"float:left;font-weight:bold; \"  data-textcolor=\"#553c90\" data-texthover=\"#333333\"data-style=\"\">\r\n\t\t\t\t\t\t\r\n\t\t\t\t\t\t<span data-hover=\"Formul\u00e1rio de refer\u00eancia\" style=\"color:#553c90;;;\" class=\"ult_btn10_span\">Reference Form<\/span>\r\n\t\t\t\t\t\t\r\n\t\t\t\t\t<\/a>\r\n\t\t\t\t<\/span>\r\n\t\t\t<\/span><span id=\"creative-link-wrap-4859\" class=\"ult_main_cl ult-adjust-bottom-margin politica-link\" >\r\n\t \t\t\t<span class=\"ult_crlink\" >\r\n\t\t\t\t\t<a  data-ultimate-target='#creative-link-wrap-4859 .ult_colorlink'  data-responsive-json-new='{\"font-size\":\"desktop:24px;\",\"line-height\":\"\"}'  href=\"https:\/\/www.astercapital.com.br\/wp-content\/uploads\/2024\/10\/202406-Aster-Capital-Politica-de-Controles-Internos-3.0.pdf\" target=\"_blank\" rel=\"noopener\"  class=\"ult_colorlink ult-responsive\" style=\"float:left;font-weight:bold; \"  data-textcolor=\"#553c90\" data-texthover=\"#333333\"data-style=\"\">\r\n\t\t\t\t\t\t\r\n\t\t\t\t\t\t<span data-hover=\"Pol\u00edtica de controles internos\" style=\"color:#553c90;;;\" class=\"ult_btn10_span\">Internal Controls Policy<\/span>\r\n\t\t\t\t\t\t\r\n\t\t\t\t\t<\/a>\r\n\t\t\t\t<\/span>\r\n\t\t\t<\/span><span id=\"creative-link-wrap-2565\" class=\"ult_main_cl ult-adjust-bottom-margin politica-link\" >\r\n\t \t\t\t<span class=\"ult_crlink\" >\r\n\t\t\t\t\t<a  data-ultimate-target='#creative-link-wrap-2565 .ult_colorlink'  data-responsive-json-new='{\"font-size\":\"desktop:24px;\",\"line-height\":\"\"}'  href=\"https:\/\/www.astercapital.com.br\/wp-content\/uploads\/2024\/10\/202406-Aster-Capital-Politica-de-Gestao-de-Riscos-4.0.pdf\" target=\"_blank\" rel=\"noopener\"  class=\"ult_colorlink ult-responsive\" style=\"float:left;font-weight:bold; \"  data-textcolor=\"#553c90\" data-texthover=\"#333333\"data-style=\"\">\r\n\t\t\t\t\t\t\r\n\t\t\t\t\t\t<span data-hover=\"Pol\u00edtica de gest\u00e3o de riscos\" style=\"color:#553c90;;;\" class=\"ult_btn10_span\">Risk Management Policy<\/span>\r\n\t\t\t\t\t\t\r\n\t\t\t\t\t<\/a>\r\n\t\t\t\t<\/span>\r\n\t\t\t<\/span><span id=\"creative-link-wrap-7163\" class=\"ult_main_cl ult-adjust-bottom-margin politica-link\" >\r\n\t \t\t\t<span class=\"ult_crlink\" >\r\n\t\t\t\t\t<a  data-ultimate-target='#creative-link-wrap-7163 .ult_colorlink'  data-responsive-json-new='{\"font-size\":\"desktop:24px;\",\"line-height\":\"\"}'  href=\"https:\/\/www.astercapital.com.br\/wp-content\/uploads\/2024\/10\/202406-Aster-Capital-Politica-de-Investimentos-Pessoais-4.0.pdf\" target=\"_blank\" rel=\"noopener\"  class=\"ult_colorlink ult-responsive\" style=\"float:left;font-weight:bold; \"  data-textcolor=\"#553c90\" data-texthover=\"#333333\"data-style=\"\">\r\n\t\t\t\t\t\t\r\n\t\t\t\t\t\t<span data-hover=\"Pol\u00edtica de investimentos pessoais\" style=\"color:#553c90;;;\" class=\"ult_btn10_span\">Personal Investments Policy<\/span>\r\n\t\t\t\t\t\t\r\n\t\t\t\t\t<\/a>\r\n\t\t\t\t<\/span>\r\n\t\t\t<\/span><span id=\"creative-link-wrap-5236\" class=\"ult_main_cl ult-adjust-bottom-margin politica-link\" >\r\n\t \t\t\t<span class=\"ult_crlink\" >\r\n\t\t\t\t\t<a  data-ultimate-target='#creative-link-wrap-5236 .ult_colorlink'  data-responsive-json-new='{\"font-size\":\"desktop:24px;\",\"line-height\":\"\"}'  href=\"https:\/\/www.astercapital.com.br\/wp-content\/uploads\/2024\/10\/202406-Aster-Capital-Politica-de-Rateio-e-Divisao-de-Ordens-3.0.pdf\" target=\"_blank\" rel=\"noopener\"  class=\"ult_colorlink ult-responsive\" style=\"float:left;font-weight:bold; \"  data-textcolor=\"#553c90\" data-texthover=\"#333333\"data-style=\"\">\r\n\t\t\t\t\t\t\r\n\t\t\t\t\t\t<span data-hover=\"Pol\u00edtica de rateio e divis\u00e3o de ordens\" style=\"color:#553c90;;;\" class=\"ult_btn10_span\">Order Allocation and Sharing Policy<\/span>\r\n\t\t\t\t\t\t\r\n\t\t\t\t\t<\/a>\r\n\t\t\t\t<\/span>\r\n\t\t\t<\/span><span id=\"creative-link-wrap-2119\" class=\"ult_main_cl ult-adjust-bottom-margin politica-link\" >\r\n\t \t\t\t<span class=\"ult_crlink\" >\r\n\t\t\t\t\t<a  data-ultimate-target='#creative-link-wrap-2119 .ult_colorlink'  data-responsive-json-new='{\"font-size\":\"desktop:24px;\",\"line-height\":\"\"}'  href=\"https:\/\/www.astercapital.com.br\/wp-content\/uploads\/2024\/10\/202406-Aster-Capital-Politica-de-Seguranca-da-Informacao-Protecao-de-Dados-e-Seguranca-Cibernetica-3.0.pdf\" target=\"_blank\" rel=\"noopener\"  class=\"ult_colorlink ult-responsive\" style=\"float:left;font-weight:bold; \"  data-textcolor=\"#553c90\" data-texthover=\"#333333\"data-style=\"\">\r\n\t\t\t\t\t\t\r\n\t\t\t\t\t\t<span data-hover=\"Pol\u00edtica de seguran\u00e7a da informa\u00e7\u00e3o\" style=\"color:#553c90;;;\" class=\"ult_btn10_span\">Information Security Policy<\/span>\r\n\t\t\t\t\t\t\r\n\t\t\t\t\t<\/a>\r\n\t\t\t\t<\/span>\r\n\t\t\t<\/span><span id=\"creative-link-wrap-3481\" class=\"ult_main_cl ult-adjust-bottom-margin politica-link\" >\r\n\t \t\t\t<span class=\"ult_crlink\" >\r\n\t\t\t\t\t<a  data-ultimate-target='#creative-link-wrap-3481 .ult_colorlink'  data-responsive-json-new='{\"font-size\":\"desktop:24px;\",\"line-height\":\"\"}'  href=\"https:\/\/www.astercapital.com.br\/wp-content\/uploads\/2024\/10\/202406-Aster-Capital-Politica-de-Treinamento-3.0.pdf\" target=\"_blank\" rel=\"noopener\"  class=\"ult_colorlink ult-responsive\" style=\"float:left;font-weight:bold; \"  data-textcolor=\"#553c90\" data-texthover=\"#333333\"data-style=\"\">\r\n\t\t\t\t\t\t\r\n\t\t\t\t\t\t<span data-hover=\"Pol\u00edtica de treinamento\" style=\"color:#553c90;;;\" class=\"ult_btn10_span\">Training Policy<\/span>\r\n\t\t\t\t\t\t\r\n\t\t\t\t\t<\/a>\r\n\t\t\t\t<\/span>\r\n\t\t\t<\/span><span id=\"creative-link-wrap-1748\" class=\"ult_main_cl ult-adjust-bottom-margin politica-link\" >\r\n\t \t\t\t<span class=\"ult_crlink\" >\r\n\t\t\t\t\t<a  data-ultimate-target='#creative-link-wrap-1748 .ult_colorlink'  data-responsive-json-new='{\"font-size\":\"desktop:24px;\",\"line-height\":\"\"}'  href=\"https:\/\/www.astercapital.com.br\/wp-content\/uploads\/2024\/10\/202406-Aster-Capital-Politica-de-Voto-4.0.pdf\" target=\"_blank\" rel=\"noopener\"  class=\"ult_colorlink ult-responsive\" style=\"float:left;font-weight:bold; \"  data-textcolor=\"#553c90\" data-texthover=\"#333333\"data-style=\"\">\r\n\t\t\t\t\t\t\r\n\t\t\t\t\t\t<span data-hover=\"Pol\u00edtica de voto\" style=\"color:#553c90;;;\" class=\"ult_btn10_span\">Voting Policy<\/span>\r\n\t\t\t\t\t\t\r\n\t\t\t\t\t<\/a>\r\n\t\t\t\t<\/span>\r\n\t\t\t<\/span><span id=\"creative-link-wrap-6634\" class=\"ult_main_cl ult-adjust-bottom-margin politica-link\" >\r\n\t \t\t\t<span class=\"ult_crlink\" >\r\n\t\t\t\t\t<a  data-ultimate-target='#creative-link-wrap-6634 .ult_colorlink'  data-responsive-json-new='{\"font-size\":\"desktop:24px;\",\"line-height\":\"\"}'  href=\"https:\/\/www.astercapital.com.br\/eng\/rcvm-175\/\" title=\"Informa\u00e7\u00f5es \u2013 RCVM 175\"  class=\"ult_colorlink ult-responsive\" style=\"float:left;font-weight:bold; \"  data-textcolor=\"#553c90\" data-texthover=\"#333333\"data-style=\"\">\r\n\t\t\t\t\t\t\r\n\t\t\t\t\t\t<span data-hover=\"Informa\u00e7\u00f5es - RCVM 175\" style=\"color:#553c90;;;\" class=\"ult_btn10_span\">Informations \u2013 RCVM 175<\/span>\r\n\t\t\t\t\t\t\r\n\t\t\t\t\t<\/a>\r\n\t\t\t\t<\/span>\r\n\t\t\t<\/span><\/div><\/div><\/div><\/div><\/div><\/div><\/div><\/div><\/div><\/div>","protected":false},"excerpt":{"rendered":"C\u00f3digo de \u00e9tica Formul\u00e1rio de refer\u00eancia Pol\u00edtica de controles internos Pol\u00edtica de gest\u00e3o de riscos Pol\u00edtica de investimentos pessoais Pol\u00edtica de rateio e divis\u00e3o de ordens Pol\u00edtica de seguran\u00e7a da informa\u00e7\u00e3o Pol\u00edtica de treinamento Pol\u00edtica de voto Informa\u00e7\u00f5es - RCVM 175","protected":false},"author":1,"featured_media":0,"parent":0,"menu_order":0,"comment_status":"closed","ping_status":"closed","template":"","meta":{"inline_featured_image":false,"footnotes":""},"class_list":["post-6568","page","type-page","status-publish","hentry"],"aioseo_notices":[],"_links":{"self":[{"href":"https:\/\/www.astercapital.com.br\/eng\/wp-json\/wp\/v2\/pages\/6568","targetHints":{"allow":["GET"]}}],"collection":[{"href":"https:\/\/www.astercapital.com.br\/eng\/wp-json\/wp\/v2\/pages"}],"about":[{"href":"https:\/\/www.astercapital.com.br\/eng\/wp-json\/wp\/v2\/types\/page"}],"author":[{"embeddable":true,"href":"https:\/\/www.astercapital.com.br\/eng\/wp-json\/wp\/v2\/users\/1"}],"replies":[{"embeddable":true,"href":"https:\/\/www.astercapital.com.br\/eng\/wp-json\/wp\/v2\/comments?post=6568"}],"version-history":[{"count":37,"href":"https:\/\/www.astercapital.com.br\/eng\/wp-json\/wp\/v2\/pages\/6568\/revisions"}],"predecessor-version":[{"id":35510,"href":"https:\/\/www.astercapital.com.br\/eng\/wp-json\/wp\/v2\/pages\/6568\/revisions\/35510"}],"wp:attachment":[{"href":"https:\/\/www.astercapital.com.br\/eng\/wp-json\/wp\/v2\/media?parent=6568"}],"curies":[{"name":"wp","href":"https:\/\/api.w.org\/{rel}","templated":true}]}}