{"id":4911,"date":"2016-07-06T13:56:53","date_gmt":"2016-07-06T13:56:53","guid":{"rendered":"http:\/\/thesimple.ellethemes.com\/?page_id=4911"},"modified":"2025-05-13T13:43:43","modified_gmt":"2025-05-13T16:43:43","slug":"home-business-app","status":"publish","type":"page","link":"https:\/\/www.astercapital.com.br\/eng\/","title":{"rendered":"Home"},"content":{"rendered":"<div id=\"fws_69f276bacaec8\" class=\"wpb_row vc_row vc_row-fluid  animate_onoffset row-dynamic-el section-style  no_margin  normal\" style=\"background-color: #f6f6f6; padding-top: 45px ; padding-bottom: 45px ; \"><div id=\"no_margin\" style=\"position: absolute;top: 0;\"><\/div><div class=\"container  dark\"><div class=\"section_clear\"><div class=\"wpb_column column_container with_padding wpb_column vc_column_container vc_col-sm-12 vc_col-lg-offset-0 vc_col-md-offset-0 vc_col-sm-offset-0\"><div class=\"vc_column-inner\"  style=\"padding:\" data-animation=\"none\" data-delay=\"\"><div class=\"wpb_wrapper\"><div id=\"ultimate-heading-969469f276bacb4ba\" class=\"uvc-heading ult-adjust-bottom-margin ultimate-heading-969469f276bacb4ba uvc-9315\" data-hspacer=\"no_spacer\"  data-halign=\"center\" style=\"text-align:center\"><div class=\"uvc-heading-spacer no_spacer\" style=\"top\"><\/div><div class=\"uvc-main-heading ult-responsive\"  data-ultimate-target='.uvc-heading.ultimate-heading-969469f276bacb4ba h2'  data-responsive-json-new='{\"font-size\":\"desktop:40px;\",\"line-height\":\"\"}' ><h2 style=\"font-weight:bold;color:#5a3c96;margin-bottom:60px;\">Who we are<\/h2><\/div><\/div><div id=\"ult-carousel-161258765069f276bacb668\" class=\"ult-carousel-wrapper   ult_horizontal\" data-gutter=\"5\" data-rtl=\"false\" ><div class=\"ult-carousel-240680027369f276bacb50a\" ><div class=\"ult-item-wrap\" data-animation=\"animated no-animation\"><div class=\"vc_row wpb_row vc_inner vc_row-fluid no_margin\"><div class=\"ult-item-wrap\" data-animation=\"animated no-animation\"><div class=\"wpb_column vc_column_container vc_col-sm-12\"><div class=\"vc_column-inner\"><div class=\"wpb_wrapper\"><div class=\"ult-item-wrap\" data-animation=\"animated no-animation\"><div class=\"wpb_gallery wpb_content_element vc_clearfix vc_custom_1632158214007  quem-somos-thumb\" ><div class=\"wpb_wrapper\"><div class=\"wpb_gallery_slides wpb_flexslider flexslider_fade flexslider\" data-interval=\"0\" data-flex_fx=\"fade\"><ul class=\"slides\"><li><img loading=\"lazy\" decoding=\"async\" width=\"315\" height=\"316\" src=\"https:\/\/www.astercapital.com.br\/wp-content\/uploads\/2021\/09\/1.-marcello-silva.png\" class=\"attachment-full\" alt=\"\" \/><\/li><\/ul><\/div><\/div><\/div><\/div><div class=\"ult-item-wrap\" data-animation=\"animated no-animation\">\n\t<div class=\"wpb_text_column wpb_content_element\">\n\t\t<div class=\"wpb_wrapper\">\n\t\t\t<div class=\"sobrenos-content\">\n<h5><a class=\"sobrenos-linkedin\" href=\"https:\/\/www.linkedin.com\/in\/marcello-silva-943b0836\/\" target=\"_blank\" rel=\"noopener\">Marcello Silva <i class=\"fab fa-linkedin\"><\/i><\/a><\/h5>\n<p>20 years of experience with experience at Constellation Asset Management<\/p>\n<\/div>\n\n\t\t<\/div> \n\t<\/div> <\/div><\/div><\/div><\/div><\/div><\/div><\/div><div class=\"ult-item-wrap\" data-animation=\"animated no-animation\"><div class=\"vc_row wpb_row vc_inner vc_row-fluid no-margin\"><div class=\"ult-item-wrap\" data-animation=\"animated no-animation\"><div class=\"wpb_column vc_column_container vc_col-sm-12\"><div class=\"vc_column-inner\"><div class=\"wpb_wrapper\"><div class=\"ult-item-wrap\" data-animation=\"animated no-animation\"><div class=\"wpb_gallery wpb_content_element vc_clearfix vc_custom_1632158196686  quem-somos-thumb\" ><div class=\"wpb_wrapper\"><div class=\"wpb_gallery_slides wpb_flexslider flexslider_fade flexslider\" data-interval=\"0\" data-flex_fx=\"fade\"><ul class=\"slides\"><li><img loading=\"lazy\" decoding=\"async\" width=\"315\" height=\"316\" src=\"https:\/\/www.astercapital.com.br\/wp-content\/uploads\/2021\/09\/2.-marcos-matsutani.png\" class=\"attachment-full\" alt=\"\" \/><\/li><\/ul><\/div><\/div><\/div><\/div><div class=\"ult-item-wrap\" data-animation=\"animated no-animation\">\n\t<div class=\"wpb_text_column wpb_content_element\">\n\t\t<div class=\"wpb_wrapper\">\n\t\t\t<div class=\"sobrenos-content\">\n<h5><a class=\"sobrenos-linkedin\" href=\"https:\/\/www.linkedin.com\/in\/marcos-h-y-matsutani-b1041538\/\" target=\"_blank\" rel=\"noopener\">Marcos Matsutani <i class=\"fab fa-linkedin\"><\/i><\/a><\/h5>\n<p>Over 15 years of experience with experience at Ita\u00fa and Constellation Asset Management<\/p>\n<\/div>\n\n\t\t<\/div> \n\t<\/div> <\/div><\/div><\/div><\/div><\/div><\/div><\/div><div class=\"ult-item-wrap\" data-animation=\"animated no-animation\"><div class=\"vc_row wpb_row vc_inner vc_row-fluid no-margin\"><div class=\"ult-item-wrap\" data-animation=\"animated no-animation\"><div class=\"wpb_column vc_column_container vc_col-sm-12\"><div class=\"vc_column-inner\"><div class=\"wpb_wrapper\"><div class=\"ult-item-wrap\" data-animation=\"animated no-animation\"><div class=\"wpb_gallery wpb_content_element vc_clearfix vc_custom_1632158200852  quem-somos-thumb\" ><div class=\"wpb_wrapper\"><div class=\"wpb_gallery_slides wpb_flexslider flexslider_fade flexslider\" data-interval=\"0\" data-flex_fx=\"fade\"><ul class=\"slides\"><li><img loading=\"lazy\" decoding=\"async\" width=\"315\" height=\"316\" src=\"https:\/\/www.astercapital.com.br\/wp-content\/uploads\/2021\/09\/3.-rodrigo-nasser.png\" class=\"attachment-full\" alt=\"\" \/><\/li><\/ul><\/div><\/div><\/div><\/div><div class=\"ult-item-wrap\" data-animation=\"animated no-animation\">\n\t<div class=\"wpb_text_column wpb_content_element\">\n\t\t<div class=\"wpb_wrapper\">\n\t\t\t<div class=\"sobrenos-content\">\n<h5><a class=\"sobrenos-linkedin\" href=\"https:\/\/www.linkedin.com\/in\/nasserrodrigo\/\" target=\"_blank\" rel=\"noopener\">Rodrigo Nasser <i class=\"fab fa-linkedin\"><\/i><\/a><\/h5>\n<p>Mais de 25 anos de experi\u00eancia com passagem por TOTVS, Netshoes e Itu Partners.<\/p>\n<\/div>\n\n\t\t<\/div> \n\t<\/div> <\/div><\/div><\/div><\/div><\/div><\/div><\/div><div class=\"ult-item-wrap\" data-animation=\"animated no-animation\"><div class=\"vc_row wpb_row vc_inner vc_row-fluid no-margin\"><div class=\"ult-item-wrap\" data-animation=\"animated no-animation\"><div class=\"wpb_column vc_column_container vc_col-sm-12\"><div class=\"vc_column-inner\"><div class=\"wpb_wrapper\"><div class=\"ult-item-wrap\" data-animation=\"animated no-animation\"><div class=\"wpb_gallery wpb_content_element vc_clearfix vc_custom_1632158208980  quem-somos-thumb\" ><div class=\"wpb_wrapper\"><div class=\"wpb_gallery_slides wpb_flexslider flexslider_fade flexslider\" data-interval=\"0\" data-flex_fx=\"fade\"><ul class=\"slides\"><li><img loading=\"lazy\" decoding=\"async\" width=\"315\" height=\"316\" src=\"https:\/\/www.astercapital.com.br\/wp-content\/uploads\/2021\/09\/5.-marcelo-zago-.png\" class=\"attachment-full\" alt=\"\" \/><\/li><\/ul><\/div><\/div><\/div><\/div><div class=\"ult-item-wrap\" data-animation=\"animated no-animation\">\n\t<div class=\"wpb_text_column wpb_content_element\">\n\t\t<div class=\"wpb_wrapper\">\n\t\t\t<div class=\"sobrenos-content\">\n<h5><a class=\"sobrenos-linkedin\" href=\"https:\/\/www.linkedin.com\/in\/marcelo-zago-8b59225b\/\" target=\"_blank\" rel=\"noopener\">Marcelo Zago <i class=\"fab fa-linkedin\"><\/i><\/a><\/h5>\n<p>Over 20 years of experience working at Est\u00e1ter.<\/p>\n<\/div>\n\n\t\t<\/div> \n\t<\/div> <\/div><\/div><\/div><\/div><\/div><\/div><\/div><div class=\"ult-item-wrap\" data-animation=\"animated no-animation\"><div class=\"vc_row wpb_row vc_inner vc_row-fluid no-margin\"><div class=\"ult-item-wrap\" data-animation=\"animated no-animation\"><div class=\"wpb_column vc_column_container vc_col-sm-12\"><div class=\"vc_column-inner\"><div class=\"wpb_wrapper\"><div class=\"ult-item-wrap\" data-animation=\"animated no-animation\"><div class=\"wpb_gallery wpb_content_element vc_clearfix vc_custom_1656099919524  quem-somos-thumb\" ><div class=\"wpb_wrapper\"><div class=\"wpb_gallery_slides wpb_flexslider flexslider_fade flexslider\" data-interval=\"0\" data-flex_fx=\"fade\"><ul class=\"slides\"><li><img loading=\"lazy\" decoding=\"async\" width=\"1710\" height=\"1710\" src=\"https:\/\/www.astercapital.com.br\/wp-content\/uploads\/2022\/06\/patricia.png\" class=\"attachment-full\" alt=\"\" srcset=\"https:\/\/www.astercapital.com.br\/wp-content\/uploads\/2022\/06\/patricia.png 1710w, https:\/\/www.astercapital.com.br\/wp-content\/uploads\/2022\/06\/patricia-300x300.png 300w, https:\/\/www.astercapital.com.br\/wp-content\/uploads\/2022\/06\/patricia-1024x1024.png 1024w, https:\/\/www.astercapital.com.br\/wp-content\/uploads\/2022\/06\/patricia-150x150.png 150w, https:\/\/www.astercapital.com.br\/wp-content\/uploads\/2022\/06\/patricia-768x768.png 768w, https:\/\/www.astercapital.com.br\/wp-content\/uploads\/2022\/06\/patricia-1536x1536.png 1536w, https:\/\/www.astercapital.com.br\/wp-content\/uploads\/2022\/06\/patricia-500x500.png 500w\" sizes=\"auto, (max-width: 1710px) 100vw, 1710px\" \/><\/li><\/ul><\/div><\/div><\/div><\/div><div class=\"ult-item-wrap\" data-animation=\"animated no-animation\">\n\t<div class=\"wpb_text_column wpb_content_element\">\n\t\t<div class=\"wpb_wrapper\">\n\t\t\t<div class=\"sobrenos-content\">\n<h5><a class=\"sobrenos-linkedin\" href=\"https:\/\/www.linkedin.com\/in\/patr%C3%ADcia-sakai-60667416a\/\" target=\"_blank\" rel=\"noopener\">Patr\u00edcia Sakai\u00a0<i class=\"fab fa-linkedin\"><\/i><\/a><\/h5>\n<p>Over 15 years of experience in Operations, having worked at GL Asset Management and Cox Capital Management<\/p>\n<\/div>\n\n\t\t<\/div> \n\t<\/div> <\/div><\/div><\/div><\/div><\/div><\/div><\/div><div class=\"ult-item-wrap\" data-animation=\"animated no-animation\"><div class=\"vc_row wpb_row vc_inner vc_row-fluid no-margin\"><div class=\"ult-item-wrap\" data-animation=\"animated no-animation\"><div class=\"wpb_column vc_column_container vc_col-sm-12\"><div class=\"vc_column-inner\"><div class=\"wpb_wrapper\"><div class=\"ult-item-wrap\" data-animation=\"animated no-animation\"><div class=\"wpb_gallery wpb_content_element vc_clearfix vc_custom_1636547728459  quem-somos-thumb\" ><div class=\"wpb_wrapper\"><div class=\"wpb_gallery_slides wpb_flexslider flexslider_fade flexslider\" data-interval=\"0\" data-flex_fx=\"fade\"><ul class=\"slides\"><li><img loading=\"lazy\" decoding=\"async\" width=\"316\" height=\"316\" src=\"https:\/\/www.astercapital.com.br\/wp-content\/uploads\/2021\/11\/Rafael-Monnerat-2.png\" class=\"attachment-full\" alt=\"\" srcset=\"https:\/\/www.astercapital.com.br\/wp-content\/uploads\/2021\/11\/Rafael-Monnerat-2.png 316w, https:\/\/www.astercapital.com.br\/wp-content\/uploads\/2021\/11\/Rafael-Monnerat-2-300x300.png 300w, https:\/\/www.astercapital.com.br\/wp-content\/uploads\/2021\/11\/Rafael-Monnerat-2-150x150.png 150w\" sizes=\"auto, (max-width: 316px) 100vw, 316px\" \/><\/li><\/ul><\/div><\/div><\/div><\/div><div class=\"ult-item-wrap\" data-animation=\"animated no-animation\">\n\t<div class=\"wpb_text_column wpb_content_element\">\n\t\t<div class=\"wpb_wrapper\">\n\t\t\t<div class=\"sobrenos-content\">\n<h5><a class=\"sobrenos-linkedin\" href=\"https:\/\/www.linkedin.com\/in\/rafael-monnerat-93056234\/\" target=\"_blank\" rel=\"noopener\">Rafael Monnerat <i class=\"fab fa-linkedin\"><\/i><\/a><\/h5>\n<p>Over 10 years of experience with experience at Dash to Dot and Constellation Asset Management.<\/p>\n<\/div>\n\n\t\t<\/div> \n\t<\/div> <\/div><\/div><\/div><\/div><\/div><\/div><\/div><\/div><\/div>\t\t\t<script type=\"text\/javascript\">\r\n\t\t\t\tjQuery(document).ready(function ($) {\r\n\t\t\t\t\tif( typeof jQuery('.ult-carousel-240680027369f276bacb50a').slick == \"function\"){\r\n\t\t\t\t\t\t$('.ult-carousel-240680027369f276bacb50a').slick({dots: false,autoplaySpeed: 5000,speed: 300,infinite: true,arrows: true,nextArrow: '<button type=\"button\" role=\"button\" aria-label=\"Next\" style=\"color:#ffffff; font-size:20px;\" class=\"slick-next default\"><i class=\"ultsl-arrow-right4\"><\/i><\/button>',prevArrow: '<button type=\"button\" role=\"button\" aria-label=\"Previous\" style=\"color:#ffffff; font-size:20px;\" class=\"slick-prev default\"><i class=\"ultsl-arrow-left4\"><\/i><\/button>',slidesToScroll:4,slidesToShow:4,swipe: true,draggable: true,touchMove: true,pauseOnHover: true,pauseOnFocus: false,responsive: [\r\n\t\t\t\t\t\t\t{\r\n\t\t\t\t\t\t\t  breakpoint: 1026,\r\n\t\t\t\t\t\t\t  settings: {\r\n\t\t\t\t\t\t\t\tslidesToShow: 4,\r\n\t\t\t\t\t\t\t\tslidesToScroll: 4,  \r\n\t\t\t\t\t\t\t  }\r\n\t\t\t\t\t\t\t},\r\n\t\t\t\t\t\t\t{\r\n\t\t\t\t\t\t\t  breakpoint: 1025,\r\n\t\t\t\t\t\t\t  settings: {\r\n\t\t\t\t\t\t\t\tslidesToShow: 3,\r\n\t\t\t\t\t\t\t\tslidesToScroll: 3\r\n\t\t\t\t\t\t\t  }\r\n\t\t\t\t\t\t\t},\r\n\t\t\t\t\t\t\t{\r\n\t\t\t\t\t\t\t  breakpoint: 760,\r\n\t\t\t\t\t\t\t  settings: {\r\n\t\t\t\t\t\t\t\tslidesToShow: 1,\r\n\t\t\t\t\t\t\t\tslidesToScroll: 1\r\n\t\t\t\t\t\t\t  }\r\n\t\t\t\t\t\t\t}\r\n\t\t\t\t\t\t],pauseOnDotsHover: true,customPaging: function(slider, i) {\r\n                   return '<i type=\"button\" style= \"color:#333333;\" class=\"ultsl-record\" data-role=\"none\"><\/i>';\r\n                },});\r\n\t\t\t\t\t}\r\n\t\t\t\t});\r\n\t\t\t<\/script>\r\n\t\t\t<div class=\"vc_row wpb_row vc_inner vc_row-fluid\"><div class=\"wpb_column vc_column_container vc_col-sm-12\"><div class=\"vc_column-inner\"><div class=\"wpb_wrapper\"><div class=\"ubtn-ctn-center\"><a class=\"ubtn-link ult-adjust-bottom-margin ubtn-center ubtn-normal\" href=\"https:\/\/www.astercapital.com.br\/eng\/sobre-nos\/\" title=\"About us\" ><button type=\"button\" id=\"ubtn-1148\"  class=\"ubtn ult-adjust-bottom-margin ult-responsive ubtn-normal ubtn-fade-bg  none  ubtn-center   tooltip-69f276bace374\"  data-hover=\"\" data-border-color=\"\" data-bg=\"#5a3c96\" data-hover-bg=\"#43307a\" data-border-hover=\"\" data-shadow-hover=\"\" data-shadow-click=\"none\" data-shadow=\"\" data-shd-shadow=\"\"  data-ultimate-target='#ubtn-1148'  data-responsive-json-new='{\"font-size\":\"desktop:13px;\",\"line-height\":\"\"}'  style=\"font-weight:normal;border:none;background: #5a3c96;color: #ffffff;\"><span class=\"ubtn-hover\" style=\"background-color:#43307a\"><\/span><span class=\"ubtn-data ubtn-text\" >FIND OUT MORE<\/span><\/button><\/a><\/div><\/div><\/div><\/div><\/div><\/div><\/div><\/div><\/div><\/div><\/div><!-- Row Backgrounds --><div class=\"upb_color\" data-bg-override=\"0\" data-bg-color=\"#00aaaa\" data-fadeout=\"\" data-fadeout-percentage=\"30\" data-parallax-content=\"\" data-parallax-content-sense=\"30\" data-row-effect-mobile-disable=\"true\" data-img-parallax-mobile-disable=\"true\" data-rtl=\"false\"  data-custom-vc-row=\"\"  data-vc=\"6.7.0\"  data-is_old_vc=\"\"  data-theme-support=\"\"   data-overlay=\"false\" data-overlay-color=\"\" data-overlay-pattern=\"\" data-overlay-pattern-opacity=\"\" data-overlay-pattern-size=\"\"    ><\/div><div id=\"fws_69f276baced4a\" class=\"wpb_row vc_row vc_row-fluid   row-dynamic-el section-style parallax_section d-none  normal\" style=\"background-repeat: no-repeat; padding-top: 120px ; padding-bottom: 120px ;  background-image: url(https:\/\/www.astercapital.com.br\/wp-content\/uploads\/2021\/09\/bloco-4.png); background-position: 50% 0px; \"><div id=\"d-none\" style=\"position: absolute;top: 0;\"><\/div><div class=\"bg-overlay\" style=\"background:;\"><\/div><div class=\"container animate_onoffset light\"><div class=\"section_clear\"><div class=\"wpb_column column_container with_padding wpb_column vc_column_container vc_col-sm-12\"><div class=\"vc_column-inner\"  style=\"padding:\" data-animation=\"none\" data-delay=\"\"><div class=\"wpb_wrapper\"><div class=\"wpb_content_element block_title section_title inner-only_text\"><p style=\"padding:0 22%;\"><span style=\"color: white; font-size: 16px;\">We are investors driven by constant research. \nWe focus on carefully selected businesses, that are run by teams with well-aligned incentives, and have solid prospects for long term growth.<\/span><\/p><\/div><\/div><\/div><\/div><\/div><\/div><\/div><div id=\"como-fazemos\" class=\"wpb_row vc_row vc_row-fluid  animate_onoffset row-dynamic-el full-width-content section-style    normal\" style=\"background-color: #f6f6f6; padding-top: 90px ; padding-bottom: 0px ; \"><div  style=\"position: absolute;top: 0;\"><\/div><div class=\"col span_12  dark\"><div class=\"wpb_column column_container with_padding wpb_column vc_column_container vc_col-sm-12 vc_col-lg-offset-0 vc_col-md-offset-0 vc_col-sm-offset-0\"><div class=\"vc_column-inner\"  style=\"padding:\" data-animation=\"none\" data-delay=\"\"><div class=\"wpb_wrapper\"><div id=\"ultimate-heading-191169f276bacf2ee\" class=\"uvc-heading ult-adjust-bottom-margin ultimate-heading-191169f276bacf2ee uvc-1612\" data-hspacer=\"no_spacer\"  data-halign=\"center\" style=\"text-align:center\"><div class=\"uvc-heading-spacer no_spacer\" style=\"top\"><\/div><div class=\"uvc-main-heading ult-responsive\"  data-ultimate-target='.uvc-heading.ultimate-heading-191169f276bacf2ee h2'  data-responsive-json-new='{\"font-size\":\"desktop:40px;tablet_portrait:36px;mobile:36px;\",\"line-height\":\"\"}' ><h2 style=\"font-weight:bold;color:#5a3c96;margin-bottom:30px;\">How we do it<\/h2><\/div><div class=\"uvc-sub-heading ult-responsive\"  data-ultimate-target='.uvc-heading.ultimate-heading-191169f276bacf2ee .uvc-sub-heading '  data-responsive-json-new='{\"font-size\":\"desktop:16px;\",\"line-height\":\"\"}'  style=\"font-weight:normal;color:#1e1e1e;\"><span style=\"margin: 0 12%; display: block;\"><strong><span style=\"color: #00aaaa;\">The Research Journey:<\/span><\/strong> For us, this is an infinite process of interaction, to achieve a profound understanding of each case. We maintain the traditional research checklist, but with a significant difference in the amount of time spent on benchmarks.<\/span><\/div><\/div><div class=\"vc_row wpb_row vc_inner vc_row-fluid homeimage-desktop\"><div class=\"wpb_column vc_column_container vc_col-sm-12 vc_col-lg-offset-0 vc_col-md-offset-0 vc_col-sm-offset-0\"><div class=\"vc_column-inner\"><div class=\"wpb_wrapper\"><div class=\"wpb_gallery wpb_content_element vc_clearfix\" ><div class=\"wpb_wrapper\"><div class=\"wpb_gallery_slides wpb_flexslider flexslider_fade flexslider\" data-interval=\"0\" data-flex_fx=\"fade\"><ul class=\"slides\"><li><img loading=\"lazy\" decoding=\"async\" width=\"2560\" height=\"780\" src=\"https:\/\/www.astercapital.com.br\/wp-content\/uploads\/2024\/05\/Sessa\u0303o_Site_ENG.png\" class=\"attachment-full\" alt=\"\" srcset=\"https:\/\/www.astercapital.com.br\/wp-content\/uploads\/2024\/05\/Sessa\u0303o_Site_ENG.png 2560w, https:\/\/www.astercapital.com.br\/wp-content\/uploads\/2024\/05\/Sessa\u0303o_Site_ENG-300x91.png 300w, https:\/\/www.astercapital.com.br\/wp-content\/uploads\/2024\/05\/Sessa\u0303o_Site_ENG-1024x312.png 1024w, https:\/\/www.astercapital.com.br\/wp-content\/uploads\/2024\/05\/Sessa\u0303o_Site_ENG-768x234.png 768w, https:\/\/www.astercapital.com.br\/wp-content\/uploads\/2024\/05\/Sessa\u0303o_Site_ENG-1536x468.png 1536w, https:\/\/www.astercapital.com.br\/wp-content\/uploads\/2024\/05\/Sessa\u0303o_Site_ENG-2048x624.png 2048w, https:\/\/www.astercapital.com.br\/wp-content\/uploads\/2024\/05\/Sessa\u0303o_Site_ENG-18x5.png 18w\" sizes=\"auto, (max-width: 2560px) 100vw, 2560px\" \/><\/li><\/ul><\/div><\/div><\/div><\/div><\/div><\/div><\/div><div class=\"vc_row wpb_row vc_inner vc_row-fluid homeimage-mobile\"><div class=\"wpb_column vc_column_container vc_col-sm-12 vc_col-lg-offset-0 vc_col-md-offset-0 vc_col-sm-offset-0\"><div class=\"vc_column-inner\"><div class=\"wpb_wrapper\"><div class=\"wpb_gallery wpb_content_element vc_clearfix\" ><div class=\"wpb_wrapper\"><div class=\"wpb_gallery_slides wpb_flexslider flexslider_fade flexslider\" data-interval=\"0\" data-flex_fx=\"fade\"><ul class=\"slides\"><li><img loading=\"lazy\" decoding=\"async\" width=\"1002\" height=\"1008\" src=\"https:\/\/www.astercapital.com.br\/wp-content\/uploads\/2024\/05\/Sessa\u0303o_Site_ENG_Mobile.png\" class=\"attachment-full\" alt=\"\" srcset=\"https:\/\/www.astercapital.com.br\/wp-content\/uploads\/2024\/05\/Sessa\u0303o_Site_ENG_Mobile.png 1002w, https:\/\/www.astercapital.com.br\/wp-content\/uploads\/2024\/05\/Sessa\u0303o_Site_ENG_Mobile-300x234.png 300w, https:\/\/www.astercapital.com.br\/wp-content\/uploads\/2024\/05\/Sessa\u0303o_Site_ENG_Mobile-768x598.png 768w, https:\/\/www.astercapital.com.br\/wp-content\/uploads\/2024\/05\/Sessa\u0303o_Site_ENG_Mobile-15x12.png 15w\" sizes=\"auto, (max-width: 1002px) 100vw, 1002px\" \/><\/li><\/ul><\/div><\/div><\/div><\/div><\/div><\/div><\/div><\/div><\/div><\/div><\/div><\/div><!-- Row Backgrounds --><div class=\"upb_color\" data-bg-override=\"0\" data-bg-color=\"#ffffff\" data-fadeout=\"\" data-fadeout-percentage=\"30\" data-parallax-content=\"\" data-parallax-content-sense=\"30\" data-row-effect-mobile-disable=\"true\" data-img-parallax-mobile-disable=\"true\" data-rtl=\"false\"  data-custom-vc-row=\"\"  data-vc=\"6.7.0\"  data-is_old_vc=\"\"  data-theme-support=\"\"   data-overlay=\"false\" data-overlay-color=\"\" data-overlay-pattern=\"\" data-overlay-pattern-opacity=\"\" data-overlay-pattern-size=\"\"    ><\/div><div id=\"fws_69f276bad03a8\" class=\"wpb_row vc_row vc_row-fluid   row-dynamic-el section-style parallax_section   normal\" style=\"background-repeat: no-repeat; padding-top: 60px ; padding-bottom: 60px ;  background-image: url(https:\/\/www.astercapital.com.br\/wp-content\/uploads\/2021\/10\/bloco-5.png); background-position: 50% 0px; \"><div  style=\"position: absolute;top: 0;\"><\/div><div class=\"bg-overlay\" style=\"background:;\"><\/div><div class=\"container animate_onoffset light\"><div class=\"section_clear\"><div class=\"wpb_column column_container with_padding wpb_column vc_column_container vc_col-sm-12\"><div class=\"vc_column-inner\"  style=\"padding:\" data-animation=\"none\" data-delay=\"\"><div class=\"wpb_wrapper\"><div class=\"wpb_content_element block_title section_title inner-only_text\"><h1>Our strategy<\/h1><p style=\"padding:0 16%;\"><span style=\"color: white; font-size: 16px; display: block; line-height: 1;\"><br \/>\nLong only, fundamentalist, long term<\/span><\/p>\n<p><span style=\"color: white; font-size: 16px; display: block;\"><br \/>\n\u201cWhen you look at the chart for something that\u2019s gone up and to the right for 20 years, think about all the times a holder would have had to convince himself not to sell.\u201d<\/span><\/p>\n<p><span style=\"color: white; font-size: 16px; display: block; line-height: 1;\"><br \/>\nHoward Marks<\/span><\/p><\/div><\/div><\/div><\/div><\/div><\/div><\/div>","protected":false},"excerpt":{"rendered":"Quem somos Marcello Silva 20 anos de experi\u00eancia com passagem pela Constellation Asset Management. Marcos Matsutani Mais de 15 anos de experi\u00eancia com passagem por Ita\u00fa e Constellation Asset Management. Rodrigo Nasser Mais de 25 anos de experi\u00eancia com passagem por TOTVS, Netshoes e Itu Partners. Marcelo Zago Mais de 20 anos de experi\u00eancia com [...]","protected":false},"author":1,"featured_media":0,"parent":0,"menu_order":0,"comment_status":"closed","ping_status":"closed","template":"","meta":{"inline_featured_image":false,"footnotes":""},"class_list":["post-4911","page","type-page","status-publish","hentry"],"aioseo_notices":[],"_links":{"self":[{"href":"https:\/\/www.astercapital.com.br\/eng\/wp-json\/wp\/v2\/pages\/4911","targetHints":{"allow":["GET"]}}],"collection":[{"href":"https:\/\/www.astercapital.com.br\/eng\/wp-json\/wp\/v2\/pages"}],"about":[{"href":"https:\/\/www.astercapital.com.br\/eng\/wp-json\/wp\/v2\/types\/page"}],"author":[{"embeddable":true,"href":"https:\/\/www.astercapital.com.br\/eng\/wp-json\/wp\/v2\/users\/1"}],"replies":[{"embeddable":true,"href":"https:\/\/www.astercapital.com.br\/eng\/wp-json\/wp\/v2\/comments?post=4911"}],"version-history":[{"count":174,"href":"https:\/\/www.astercapital.com.br\/eng\/wp-json\/wp\/v2\/pages\/4911\/revisions"}],"predecessor-version":[{"id":34881,"href":"https:\/\/www.astercapital.com.br\/eng\/wp-json\/wp\/v2\/pages\/4911\/revisions\/34881"}],"wp:attachment":[{"href":"https:\/\/www.astercapital.com.br\/eng\/wp-json\/wp\/v2\/media?parent=4911"}],"curies":[{"name":"wp","href":"https:\/\/api.w.org\/{rel}","templated":true}]}}