{"id":3680,"date":"2016-05-11T12:25:01","date_gmt":"2016-05-11T12:25:01","guid":{"rendered":"http:\/\/thesimple.ellethemes.com\/?page_id=3680"},"modified":"2025-03-19T18:24:28","modified_gmt":"2025-03-19T21:24:28","slug":"sobre-nos","status":"publish","type":"page","link":"https:\/\/www.astercapital.com.br\/eng\/sobre-nos\/","title":{"rendered":"About us"},"content":{"rendered":"<div id=\"fws_69f36b0c3994f\" class=\"wpb_row vc_row vc_row-fluid  animate_onoffset row-dynamic-el full-width-content section-style    normal\" style=\"background-color: #f9f9f9; padding-top: 60px ; \"><div  style=\"position: absolute;top: 0;\"><\/div><div class=\"col span_12  dark\"><div class=\"text-container wpb_column column_container with_padding wpb_column vc_column_container vc_col-sm-12\"><div class=\"vc_column-inner\"  style=\" color: #5f3a9b;padding:\" data-animation=\"none\" data-delay=\"\"><div class=\"wpb_wrapper\"><div class=\"vc_row wpb_row vc_inner vc_row-fluid\"><div class=\"wpb_column vc_column_container vc_col-sm-2\"><div class=\"vc_column-inner\"><div class=\"wpb_wrapper\"><\/div><\/div><\/div><div class=\"wpb_column vc_column_container vc_col-sm-8\"><div class=\"vc_column-inner\"><div class=\"wpb_wrapper\"><div id=\"ultimate-heading-894069f36b0c3a145\" class=\"uvc-heading ult-adjust-bottom-margin ultimate-heading-894069f36b0c3a145 uvc-2178\" data-hspacer=\"no_spacer\"  data-halign=\"center\" style=\"text-align:center\"><div class=\"uvc-heading-spacer no_spacer\" style=\"top\"><\/div><div class=\"uvc-main-heading ult-responsive\"  data-ultimate-target='.uvc-heading.ultimate-heading-894069f36b0c3a145 h2'  data-responsive-json-new='{\"font-size\":\"desktop:48px;\",\"line-height\":\"\"}' ><h2 style=\"font-weight:bold;color:#00aaaa;margin-bottom:30px;\">Investment philosophy<\/h2><\/div><\/div>\n\t<div class=\"wpb_text_column wpb_content_element\">\n\t\t<div class=\"wpb_wrapper\">\n\t\t\t<p>Our team has a differentiated mix of experience. And we believe in collaborating with both our investees and our clients, aiming to build robust foundations both for our investments and also for relationships that will continue over the long term.<\/p>\n<p>We believe in the transformative, potentially exponential, power of innovation in business. We will look for companies where there are favorable conditions for these phenomena to materialize, and we demand of ourselves that we should also incorporate similar innovations in our business.<\/p>\n<p>In this infinite, reiterative game of asset management, where discipline in analysis, and execution, will always be essential elements for consistent success, we see ourselves as a new beginning.<\/p>\n<p>&nbsp;<\/p>\n\n\t\t<\/div> \n\t<\/div> <\/div><\/div><\/div><div class=\"wpb_column vc_column_container vc_col-sm-2\"><div class=\"vc_column-inner\"><div class=\"wpb_wrapper\"><\/div><\/div><\/div><\/div><div class=\"vc_row wpb_row vc_inner vc_row-fluid\"><div class=\"wpb_column vc_column_container vc_col-sm-12 vc_col-has-fill\"><div class=\"vc_column-inner vc_custom_1633352999918\"><div class=\"wpb_wrapper\"><div id=\"ultimate-heading-218669f36b0c3a4b0\" class=\"uvc-heading ult-adjust-bottom-margin ultimate-heading-218669f36b0c3a4b0 uvc-8763\" data-hspacer=\"no_spacer\"  data-halign=\"center\" style=\"text-align:center\"><div class=\"uvc-heading-spacer no_spacer\" style=\"top\"><\/div><div class=\"uvc-main-heading ult-responsive\"  data-ultimate-target='.uvc-heading.ultimate-heading-218669f36b0c3a4b0 h2'  data-responsive-json-new='{\"font-size\":\"desktop:48px;\",\"line-height\":\"\"}' ><h2 style=\"font-weight:bold;color:#00aaaa;margin-top:25px;margin-bottom:25px;\">Our team<\/h2><\/div><\/div><\/div><\/div><\/div><\/div><\/div><\/div><\/div><\/div><\/div><div id=\"fws_69f36b0c3aa9b\" class=\"wpb_row vc_row vc_row-fluid  animate_onoffset row-dynamic-el section-style    normal\" style=\"padding-top: 40px ; padding-bottom: 90px ; \"><div  style=\"position: absolute;top: 0;\"><\/div><div class=\"container  dark\"><div class=\"section_clear\"><div class=\"wpb_column column_container with_padding wpb_column vc_column_container vc_col-sm-3 vc_col-lg-3 vc_col-md-3 vc_col-xs-12\"><div class=\"vc_column-inner\"  style=\"padding:\" data-animation=\"none\" data-delay=\"\"><div class=\"wpb_wrapper\"><div class=\"wpb_content_element media media_el yes animate_onoffset\"><img decoding=\"async\" src=\"https:\/\/www.astercapital.com.br\/wp-content\/uploads\/2021\/10\/1.png\" alt=\"Portfolio\" class=\"type_image media_animation animation_left alignment_left\"  \/><\/div>\n\t<div class=\"wpb_text_column wpb_content_element\">\n\t\t<div class=\"wpb_wrapper\">\n\t\t\t<div class=\"sobrenos-content\">\n<h5><a class=\"sobrenos-linkedin\" href=\"https:\/\/www.linkedin.com\/in\/marcello-silva-943b0836\/\" target=\"_blank\" rel=\"noopener\">Marcello Silva <i class=\"fab fa-linkedin\"><\/i><\/a><\/h5>\n<h6>Founding Partner<\/h6>\n<p>Marcello Silva has 20 years of professional experience. Before founding Aster Capital, he worked at Constellation Asset Management from 2006 to 2021. He holds a degree in Business Administration from Funda\u00e7\u00e3o Get\u00falio Vargas.<\/p>\n<\/div>\n\n\t\t<\/div> \n\t<\/div> <\/div><\/div><\/div><div class=\"wpb_column column_container with_padding wpb_column vc_column_container vc_col-sm-3 vc_col-lg-3 vc_col-md-3 vc_col-xs-12\"><div class=\"vc_column-inner\"  style=\"padding:\" data-animation=\"none\" data-delay=\"\"><div class=\"wpb_wrapper\"><div class=\"wpb_content_element media media_el yes animate_onoffset\"><img decoding=\"async\" src=\"https:\/\/www.astercapital.com.br\/wp-content\/uploads\/2021\/10\/2.png\" alt=\"Portfolio\" class=\"type_image media_animation animation_left alignment_left\"  \/><\/div>\n\t<div class=\"wpb_text_column wpb_content_element\">\n\t\t<div class=\"wpb_wrapper\">\n\t\t\t<div class=\"sobrenos-content\">\n<h5><a class=\"sobrenos-linkedin\" href=\"https:\/\/www.linkedin.com\/in\/marcos-h-y-matsutani-b1041538\/\" target=\"_blank\" rel=\"noopener\">Marcos Matsutani <i class=\"fab fa-linkedin\"><\/i><\/a><\/h5>\n<h6>Founding Partner<\/h6>\n<p>Marcos Matsutani has over 15 years of professional experience. Before founding Aster Capital, he worked at Constellation Asset Management from 2010 to 2021. Previously, he worked at Ita\u00fa from 2008 to 2009. He holds a degree in Mechanical Engineering from Escola Polit\u00e9cnica da USP.<\/p>\n<\/div>\n\n\t\t<\/div> \n\t<\/div> <\/div><\/div><\/div><div class=\"wpb_column column_container with_padding wpb_column vc_column_container vc_col-sm-3 vc_col-lg-3 vc_col-md-3 vc_col-xs-12\"><div class=\"vc_column-inner\"  style=\"padding:\" data-animation=\"none\" data-delay=\"\"><div class=\"wpb_wrapper\"><div class=\"wpb_content_element media media_el yes animate_onoffset\"><img decoding=\"async\" src=\"https:\/\/www.astercapital.com.br\/wp-content\/uploads\/2021\/10\/3.png\" alt=\"Portfolio\" class=\"type_image media_animation animation_left alignment_left\"  \/><\/div>\n\t<div class=\"wpb_text_column wpb_content_element\">\n\t\t<div class=\"wpb_wrapper\">\n\t\t\t<div class=\"sobrenos-content\">\n<h5><a class=\"sobrenos-linkedin\" href=\"https:\/\/www.linkedin.com\/in\/nasserrodrigo\/\" target=\"_blank\" rel=\"noopener\">Rodrigo Nasser <i class=\"fab fa-linkedin\"><\/i><\/a><\/h5>\n<h6>Founding Partner<\/h6>\n<p>Rodrigo Nasser has over 20 years of professional experience. Before founding Aster Capital, he was one of the founders of Itu Partners, where he has worked as a consultant and speaker since 2015. Previously, he worked at Netshoes from 2012 to 2014. From 2003 to 2012, he pursued an executive career at TOTVS. He holds a degree in Business Administration from PUC-SP.<\/p>\n<\/div>\n\n\t\t<\/div> \n\t<\/div> <\/div><\/div><\/div><div class=\"wpb_column column_container with_padding wpb_column vc_column_container vc_col-sm-3 vc_col-lg-3 vc_col-md-3 vc_col-xs-12\"><div class=\"vc_column-inner\"  style=\"padding:\" data-animation=\"none\" data-delay=\"\"><div class=\"wpb_wrapper\"><div class=\"wpb_content_element media media_el yes animate_onoffset\"><img decoding=\"async\" src=\"https:\/\/www.astercapital.com.br\/wp-content\/uploads\/2021\/10\/4.png\" alt=\"Portfolio\" class=\"type_image media_animation animation_left alignment_left\"  \/><\/div>\n\t<div class=\"wpb_text_column wpb_content_element\">\n\t\t<div class=\"wpb_wrapper\">\n\t\t\t<div class=\"sobrenos-content\">\n<h5><a class=\"sobrenos-linkedin\" href=\"https:\/\/www.linkedin.com\/in\/marcelo-zago-8b59225b\/\" target=\"_blank\" rel=\"noopener\">Marcelo Zago <i class=\"fab fa-linkedin\"><\/i><\/a><\/h5>\n<h6>Founding Partner<\/h6>\n<p>Marcelo Zago has over 20 years of professional experience. Before founding Aster Capital, he worked at Est\u00e1ter from 2004 to 2021. He holds a degree in Administration from Funda\u00e7\u00e3o Get\u00falio Vargas.<\/p>\n<\/div>\n\n\t\t<\/div> \n\t<\/div> <\/div><\/div><\/div><\/div><\/div><\/div><div id=\"fws_69f36b0c3c140\" class=\"wpb_row vc_row vc_row-fluid  animate_onoffset row-dynamic-el section-style    normal\" style=\"padding-top: 40px ; padding-bottom: 90px ; \"><div  style=\"position: absolute;top: 0;\"><\/div><div class=\"container  dark\"><div class=\"section_clear\"><div class=\"wpb_column column_container with_padding wpb_column vc_column_container vc_col-sm-3 vc_col-lg-3 vc_col-md-3 vc_col-xs-12\"><div class=\"vc_column-inner\"  style=\"padding:\" data-animation=\"none\" data-delay=\"\"><div class=\"wpb_wrapper\"><div class=\"wpb_content_element media media_el yes animate_onoffset\"><img decoding=\"async\" src=\"https:\/\/www.astercapital.com.br\/wp-content\/uploads\/2022\/06\/patricia-1.png\" alt=\"Portfolio\" class=\"type_image media_animation animation_left alignment_left\"  \/><\/div>\n\t<div class=\"wpb_text_column wpb_content_element\">\n\t\t<div class=\"wpb_wrapper\">\n\t\t\t<div class=\"sobrenos-content\">\n<h5><a class=\"sobrenos-linkedin\" href=\"https:\/\/www.linkedin.com\/in\/patr%C3%ADcia-sakai-60667416a\/\" target=\"_blank\" rel=\"noopener\">Patr\u00edcia Sakai\u00a0<i class=\"fab fa-linkedin\"><\/i><\/a><\/h5>\n<h6>Partner<\/h6>\n<p>Patr\u00edcia Sakai has over 15 years of professional experience. Prior to joining Aster Capital, she worked at Cox Capital Management from 2013 to 2022. Previously, she worked at GL Asset Management from 2008 to 2012. She holds a degree in Accounting from FEA-USP.<\/p>\n<\/div>\n\n\t\t<\/div> \n\t<\/div> <\/div><\/div><\/div><div class=\"wpb_column column_container with_padding wpb_column vc_column_container vc_col-sm-3 vc_col-lg-3 vc_col-md-3 vc_col-xs-12\"><div class=\"vc_column-inner\"  style=\"padding:\" data-animation=\"none\" data-delay=\"\"><div class=\"wpb_wrapper\"><div class=\"wpb_content_element media media_el yes animate_onoffset\"><img decoding=\"async\" src=\"https:\/\/www.astercapital.com.br\/wp-content\/uploads\/2021\/11\/12-2.png\" alt=\"Portfolio\" class=\"type_image media_animation animation_left alignment_left\"  \/><\/div>\n\t<div class=\"wpb_text_column wpb_content_element\">\n\t\t<div class=\"wpb_wrapper\">\n\t\t\t<div class=\"sobrenos-content\">\n<h5><a class=\"sobrenos-linkedin\" href=\"https:\/\/www.linkedin.com\/in\/rafael-monnerat-93056234\/\" target=\"_blank\" rel=\"noopener\">Rafael Monnerat <i class=\"fab fa-linkedin\"><\/i><\/a><\/h5>\n<h6>Partner<\/h6>\n<p>Rafael Monnerat has over 10 years of professional experience. Before joining Aster Capital, he worked at Dash to Dot from 2017 to 2021. Previously, he worked at Constellation Asset Management from 2013 to 2017. He holds a degree in Economics and Finance from Insper.<\/p>\n<\/div>\n\n\t\t<\/div> \n\t<\/div> <\/div><\/div><\/div><\/div><\/div><\/div><div id=\"fws_69f36b0c3cd13\" class=\"wpb_row vc_row vc_row-fluid  animate_onoffset row-dynamic-el section-style  d-none  normal\" style=\"background-color: #f6f6f6; padding-top: 90px ; padding-bottom: 0px ; \"><div id=\"d-none\" style=\"position: absolute;top: 0;\"><\/div><div class=\"container  dark\"><div class=\"section_clear\"><div class=\"wpb_column column_container with_padding wpb_column vc_column_container vc_col-sm-12\"><div class=\"vc_column-inner\"  style=\"padding:\" data-animation=\"none\" data-delay=\"\"><div class=\"wpb_wrapper\"><div class=\"wpb_content_element block_title section_title inner-only_text\"><h1>Choose from 3 styles<\/h1><p style=\"padding:0 20%;\">Lorem ipsum dolor sit amet, consectetur adipiscing elit, sed eiusmod tempor incididunt ut labore et dolore magna aliqua.<\/p><\/div><\/div><\/div><\/div><\/div><\/div><\/div><div id=\"fws_69f36b0c3cf55\" class=\"wpb_row vc_row vc_row-fluid  animate_onoffset row-dynamic-el section-style  d-none  normal\" style=\"background-color: #f6f6f6; padding-top: 40px ; padding-bottom: 90px ; \"><div id=\"d-none\" style=\"position: absolute;top: 0;\"><\/div><div class=\"container  dark\"><div class=\"section_clear\"><div class=\"wpb_column column_container with_padding wpb_column vc_column_container vc_col-sm-4\"><div class=\"vc_column-inner\"  style=\"padding:\" data-animation=\"none\" data-delay=\"\"><div class=\"wpb_wrapper\"><div class=\"wpb_content_element\"><\/div><\/div><\/div><\/div><div class=\"wpb_column column_container with_padding wpb_column vc_column_container vc_col-sm-4\"><div class=\"vc_column-inner\"  style=\"padding:\" data-animation=\"none\" data-delay=\"\"><div class=\"wpb_wrapper\"><div class=\"wpb_content_element\"><\/div><\/div><\/div><\/div><div class=\"wpb_column column_container with_padding wpb_column vc_column_container vc_col-sm-4\"><div class=\"vc_column-inner\"  style=\"padding:\" data-animation=\"none\" data-delay=\"\"><div class=\"wpb_wrapper\"><div class=\"wpb_content_element\"><\/div><\/div><\/div><\/div><\/div><\/div><\/div>","protected":false},"excerpt":{"rendered":"Filosofia de investimento Nosso time tem uma composi\u00e7\u00e3o diferenciada de experi\u00eancias e tamb\u00e9m acreditamos na colabora\u00e7\u00e3o com as nossas investidas e clientes, visando a construir bases robustas para investimentos e relacionamentos duradouros. Acreditamos no poder transformador, \u00e0s vezes exponencial, da inova\u00e7\u00e3o nos neg\u00f3cios. Buscaremos as empresas em que esses fen\u00f4menos tenham condi\u00e7\u00f5es favor\u00e1veis para se [...]","protected":false},"author":1,"featured_media":0,"parent":0,"menu_order":0,"comment_status":"closed","ping_status":"closed","template":"","meta":{"inline_featured_image":false,"footnotes":""},"class_list":["post-3680","page","type-page","status-publish","hentry"],"aioseo_notices":[],"_links":{"self":[{"href":"https:\/\/www.astercapital.com.br\/eng\/wp-json\/wp\/v2\/pages\/3680","targetHints":{"allow":["GET"]}}],"collection":[{"href":"https:\/\/www.astercapital.com.br\/eng\/wp-json\/wp\/v2\/pages"}],"about":[{"href":"https:\/\/www.astercapital.com.br\/eng\/wp-json\/wp\/v2\/types\/page"}],"author":[{"embeddable":true,"href":"https:\/\/www.astercapital.com.br\/eng\/wp-json\/wp\/v2\/users\/1"}],"replies":[{"embeddable":true,"href":"https:\/\/www.astercapital.com.br\/eng\/wp-json\/wp\/v2\/comments?post=3680"}],"version-history":[{"count":128,"href":"https:\/\/www.astercapital.com.br\/eng\/wp-json\/wp\/v2\/pages\/3680\/revisions"}],"predecessor-version":[{"id":14961,"href":"https:\/\/www.astercapital.com.br\/eng\/wp-json\/wp\/v2\/pages\/3680\/revisions\/14961"}],"wp:attachment":[{"href":"https:\/\/www.astercapital.com.br\/eng\/wp-json\/wp\/v2\/media?parent=3680"}],"curies":[{"name":"wp","href":"https:\/\/api.w.org\/{rel}","templated":true}]}}