{"id":14859,"date":"2025-03-11T11:26:08","date_gmt":"2025-03-11T14:26:08","guid":{"rendered":"https:\/\/www.astercapital.com.br\/?page_id=14859"},"modified":"2025-06-27T21:37:43","modified_gmt":"2025-06-28T00:37:43","slug":"rcvm-175","status":"publish","type":"page","link":"https:\/\/www.astercapital.com.br\/eng\/rcvm-175\/","title":{"rendered":"Informations - RCVM 175"},"content":{"rendered":"<div id=\"fws_69f3d6f668f28\" class=\"wpb_row vc_row vc_row-fluid  animate_onoffset row-dynamic-el standard_section    normal\" style=\"\"><div  style=\"position: absolute;top: 0;\"><\/div><div class=\"container  dark\"><div class=\"section_clear\"><div class=\"wpb_column column_container with_padding wpb_column vc_column_container vc_col-sm-12 vc_col-lg-offset-0 vc_col-md-offset-0 vc_col-sm-offset-0\"><div class=\"vc_column-inner\"  style=\"padding:\" data-animation=\"none\" data-delay=\"\"><div class=\"wpb_wrapper\"><div class=\"vc_row wpb_row vc_inner vc_row-fluid\"><div class=\"politica-container wpb_column vc_column_container vc_col-sm-12\"><div class=\"vc_column-inner\"><div class=\"wpb_wrapper\"><span id=\"creative-link-wrap-2952\" class=\"ult_main_cl ult-adjust-bottom-margin politica-link\" >\r\n\t \t\t\t<span class=\"ult_crlink\" >\r\n\t\t\t\t\t<a  data-ultimate-target='#creative-link-wrap-2952 .ult_colorlink'  data-responsive-json-new='{\"font-size\":\"desktop:24px;\",\"line-height\":\"\"}'  href=\"https:\/\/www.astercapital.com.br\/wp-content\/uploads\/2025\/04\/Sumario-da-Remuneracao-de-Prestadores-de-Servicos-INST-A-202504.pdf\" target=\"_blank\" rel=\"noopener\"  class=\"ult_colorlink ult-responsive\" style=\"float:left;font-weight:bold; \"  data-textcolor=\"#553c90\" data-texthover=\"#333333\"data-style=\"\">\r\n\t\t\t\t\t\t\r\n\t\t\t\t\t\t<span data-hover=\"Aster Institucional A Fundo de Invesimento Financeiro em A\u00e7\u00f5es\" style=\"color:#553c90;;;\" class=\"ult_btn10_span\">Aster Institucional A Fundo de Invesimento Financeiro em A\u00e7\u00f5es<\/span>\r\n\t\t\t\t\t\t\r\n\t\t\t\t\t<\/a>\r\n\t\t\t\t<\/span>\r\n\t\t\t<\/span><span id=\"creative-link-wrap-5965\" class=\"ult_main_cl ult-adjust-bottom-margin politica-link\" >\r\n\t \t\t\t<span class=\"ult_crlink\" >\r\n\t\t\t\t\t<a  data-ultimate-target='#creative-link-wrap-5965 .ult_colorlink'  data-responsive-json-new='{\"font-size\":\"desktop:24px;\",\"line-height\":\"\"}'  href=\"https:\/\/www.astercapital.com.br\/wp-content\/uploads\/2025\/06\/Sumario-da-Remuneracao-de-Prestadores-de-Servicos-ASTER-II-FIC-FIA-202504-revisado.pdf\" target=\"_blank\" rel=\"noopener\"  class=\"ult_colorlink ult-responsive\" style=\"float:left;font-weight:bold; \"  data-textcolor=\"#553c90\" data-texthover=\"#333333\"data-style=\"\">\r\n\t\t\t\t\t\t\r\n\t\t\t\t\t\t<span data-hover=\"Aster II FIC FIA\" style=\"color:#553c90;;;\" class=\"ult_btn10_span\">Aster II FIC FIA<\/span>\r\n\t\t\t\t\t\t\r\n\t\t\t\t\t<\/a>\r\n\t\t\t\t<\/span>\r\n\t\t\t<\/span><span id=\"creative-link-wrap-2540\" class=\"ult_main_cl ult-adjust-bottom-margin politica-link\" >\r\n\t \t\t\t<span class=\"ult_crlink\" >\r\n\t\t\t\t\t<a  data-ultimate-target='#creative-link-wrap-2540 .ult_colorlink'  data-responsive-json-new='{\"font-size\":\"desktop:24px;\",\"line-height\":\"\"}'  href=\"https:\/\/www.astercapital.com.br\/wp-content\/uploads\/2025\/06\/Sumario-da-Remuneracao-de-Prestadores-de-Servicos-ASTER-A-FIC-FIA-BDR-NIVEL-I-revisado.pdf\" target=\"_blank\" rel=\"noopener\"  class=\"ult_colorlink ult-responsive\" style=\"float:left;font-weight:bold; \"  data-textcolor=\"#553c90\" data-texthover=\"#333333\"data-style=\"\">\r\n\t\t\t\t\t\t\r\n\t\t\t\t\t\t<span data-hover=\"Aster A FIC FIA BDR N\u00cdVEL I\" style=\"color:#553c90;;;\" class=\"ult_btn10_span\">Aster A FIC FIA BDR N\u00cdVEL I<\/span>\r\n\t\t\t\t\t\t\r\n\t\t\t\t\t<\/a>\r\n\t\t\t\t<\/span>\r\n\t\t\t<\/span><span id=\"creative-link-wrap-1148\" class=\"ult_main_cl ult-adjust-bottom-margin politica-link\" >\r\n\t \t\t\t<span class=\"ult_crlink\" >\r\n\t\t\t\t\t<a  data-ultimate-target='#creative-link-wrap-1148 .ult_colorlink'  data-responsive-json-new='{\"font-size\":\"desktop:24px;\",\"line-height\":\"\"}'  href=\"https:\/\/www.astercapital.com.br\/wp-content\/uploads\/2025\/06\/Sumario-da-Remuneracao-de-Prestadores-de-Servicos-ASTER-PARTNERS-202504-revisado.pdf\" target=\"_blank\" rel=\"noopener\"  class=\"ult_colorlink ult-responsive\" style=\"float:left;font-weight:bold; \"  data-textcolor=\"#553c90\" data-texthover=\"#333333\"data-style=\"\">\r\n\t\t\t\t\t\t\r\n\t\t\t\t\t\t<span data-hover=\"Aster Partners FIC FIA\" style=\"color:#553c90;;;\" class=\"ult_btn10_span\">Aster Partners FIC FIA<\/span>\r\n\t\t\t\t\t\t\r\n\t\t\t\t\t<\/a>\r\n\t\t\t\t<\/span>\r\n\t\t\t<\/span><span id=\"creative-link-wrap-9716\" class=\"ult_main_cl ult-adjust-bottom-margin politica-link\" >\r\n\t \t\t\t<span class=\"ult_crlink\" >\r\n\t\t\t\t\t<a  data-ultimate-target='#creative-link-wrap-9716 .ult_colorlink'  data-responsive-json-new='{\"font-size\":\"desktop:24px;\",\"line-height\":\"\"}'  href=\"https:\/\/www.astercapital.com.br\/wp-content\/uploads\/2025\/05\/Sumario-da-Remuneracao-de-Prestadores-de-Servicos-PREV-FIFE-202504.pdf\" target=\"_blank\" rel=\"noopener\"  class=\"ult_colorlink ult-responsive\" style=\"float:left;font-weight:bold; \"  data-textcolor=\"#553c90\" data-texthover=\"#333333\"data-style=\"\">\r\n\t\t\t\t\t\t\r\n\t\t\t\t\t\t<span data-hover=\"Aster Prev A FIFE Fundo de Investimento Financeiro A\u00e7\u00f5es\" style=\"color:#553c90;;;\" class=\"ult_btn10_span\">Aster Prev A FIFE Fundo de Investimento Financeiro A\u00e7\u00f5es<\/span>\r\n\t\t\t\t\t\t\r\n\t\t\t\t\t<\/a>\r\n\t\t\t\t<\/span>\r\n\t\t\t<\/span><span id=\"creative-link-wrap-9779\" class=\"ult_main_cl ult-adjust-bottom-margin politica-link\" >\r\n\t \t\t\t<span class=\"ult_crlink\" >\r\n\t\t\t\t\t<a  data-ultimate-target='#creative-link-wrap-9779 .ult_colorlink'  data-responsive-json-new='{\"font-size\":\"desktop:24px;\",\"line-height\":\"\"}'  href=\"https:\/\/www.astercapital.com.br\/wp-content\/uploads\/2025\/05\/Sumario-da-Remuneracao-de-Prestadores-de-Servicos-PREV-FIE-II-202504.pdf\" target=\"_blank\" rel=\"noopener\"  class=\"ult_colorlink ult-responsive\" style=\"float:left;font-weight:bold; \"  data-textcolor=\"#553c90\" data-texthover=\"#333333\"data-style=\"\">\r\n\t\t\t\t\t\t\r\n\t\t\t\t\t\t<span data-hover=\"Aster Prev A II Fundo de Investimento Financeiro em Cotas A\u00e7\u00f5es\" style=\"color:#553c90;;;\" class=\"ult_btn10_span\">Aster Prev A II Fundo de Investimento Financeiro em Cotas A\u00e7\u00f5es<\/span>\r\n\t\t\t\t\t\t\r\n\t\t\t\t\t<\/a>\r\n\t\t\t\t<\/span>\r\n\t\t\t<\/span><\/div><\/div><\/div><\/div><\/div><\/div><\/div><\/div><\/div><\/div>","protected":false},"excerpt":{"rendered":"Aster Institucional A Fundo de Invesimento Financeiro em A\u00e7\u00f5es Aster II FIC FIA Aster A FIC FIA BDR N\u00cdVEL I Aster Partners FIC FIA Aster Prev A FIFE Fundo de Investimento Financeiro A\u00e7\u00f5es Aster Prev A II Fundo de Investimento Financeiro em Cotas A\u00e7\u00f5es","protected":false},"author":5,"featured_media":0,"parent":0,"menu_order":0,"comment_status":"closed","ping_status":"closed","template":"","meta":{"inline_featured_image":false,"footnotes":""},"class_list":["post-14859","page","type-page","status-publish","hentry"],"aioseo_notices":[],"_links":{"self":[{"href":"https:\/\/www.astercapital.com.br\/eng\/wp-json\/wp\/v2\/pages\/14859","targetHints":{"allow":["GET"]}}],"collection":[{"href":"https:\/\/www.astercapital.com.br\/eng\/wp-json\/wp\/v2\/pages"}],"about":[{"href":"https:\/\/www.astercapital.com.br\/eng\/wp-json\/wp\/v2\/types\/page"}],"author":[{"embeddable":true,"href":"https:\/\/www.astercapital.com.br\/eng\/wp-json\/wp\/v2\/users\/5"}],"replies":[{"embeddable":true,"href":"https:\/\/www.astercapital.com.br\/eng\/wp-json\/wp\/v2\/comments?post=14859"}],"version-history":[{"count":14,"href":"https:\/\/www.astercapital.com.br\/eng\/wp-json\/wp\/v2\/pages\/14859\/revisions"}],"predecessor-version":[{"id":34975,"href":"https:\/\/www.astercapital.com.br\/eng\/wp-json\/wp\/v2\/pages\/14859\/revisions\/34975"}],"wp:attachment":[{"href":"https:\/\/www.astercapital.com.br\/eng\/wp-json\/wp\/v2\/media?parent=14859"}],"curies":[{"name":"wp","href":"https:\/\/api.w.org\/{rel}","templated":true}]}}